{"id":6503,"date":"2025-11-05T14:48:51","date_gmt":"2025-11-05T14:48:51","guid":{"rendered":"https:\/\/bysense.eu\/?post_type=product&#038;p=6503"},"modified":"2026-02-01T17:20:40","modified_gmt":"2026-02-01T17:20:40","slug":"karalisko-miego-rinkinys","status":"publish","type":"product","link":"https:\/\/bysense.eu\/en\/produktas\/karalisko-miego-rinkinys\/","title":{"rendered":"Karali\u0161ko Miego Rinkinys l"},"content":{"rendered":"<p>Karali\u0161ko Miego Rinkinys su pagalv\u0117l\u0117s u\u017evalkaliuku \u2013 tai nat\u016bralios prabangos paslaptis, suteikianti k\u016bnui ir protui tikr\u0105 poils\u012f.<\/p>\n<p>Nat\u016bralaus \u0161ilko pagalv\u0117s u\u017evalkalo \u0161velnus pavir\u0161ius ramina od\u0105 ir nuramina, tod\u0117l lengviau atsipalaiduoti ir grei\u010diau u\u017emigti. Jis nat\u016braliai reguliuoja temperat\u016br\u0105 \u2013 v\u0117sina vasar\u0105, \u0161ildo \u017eiem\u0105, leisdamas i\u0161laikyti tobul\u0105 komfort\u0105 vis\u0105 nakt\u012f. D\u0117l dr\u0117gm\u0117s balanso ir hipoalergini\u0173 savybi\u0173 jis saugo od\u0105 nuo i\u0161saus\u0117jimo, o plaukus \u2013 nuo v\u0117limosi ir l\u016b\u017ein\u0117jimo. Tai ne tik u\u017evalkalas, o kasnaktinis gro\u017eio ir poilsio ritualas, kuris paver\u010dia mieg\u0105 karali\u0161ku.<\/p>\n<p>Patalyn\u0117s kvepalai su levandomis puikiai papildo \u0161ilko u\u017evalkalo raminant\u012f poj\u016bt\u012f \u2013 kartu jie sukuria visapusi\u0161k\u0105 miego ritual\u0105, veikiant\u012f tiek k\u016bn\u0105, tiek b\u016bsenas. Levanda ramina mintis, ma\u017eina \u012ftamp\u0105 ir padeda grei\u010diau u\u017emigti, o \u0161ilta, subtiliai saldoka nat\u016bralios ambros nata suteikia jaukumo ir emocinio saugumo jausm\u0105. Kvapas &#8211; tai lyg\u00a0 \u0161varios patalyn\u0117s kvapas, tiks net jautrausiai uoslei.<\/p>\n<p>\u0160ilkas, glostantis od\u0105, ir lengvas aromato dvelksmas veikia vienas kit\u0105 papildydami \u2013 \u0161velnumas ir kvapas susilieja \u012f vien\u0105 raminan\u010di\u0105 patirt\u012f. Kiekvienas prisilietimas ir \u012fkv\u0117pimas tampa ma\u017ey\u010diu poilsio gestu, gr\u0105\u017einan\u010diu pusiausvyr\u0105 po dienos \u012ftampos.<\/p>\n<p>Tai ritualas, kuriame \u0161ilkas apkabina k\u016bn\u0105, o nat\u016bralios kilm\u0117s patalyn\u0117s kvepalai \u2013 atpalaiduoja mintis.<\/p>\n<p>Pagalv\u0117l\u0117s u\u017evalkalo dydis: 70 x 50 cm<\/p>\n<p>Patalyn\u0117s kvepal\u0173 kiekis: 10ml<\/p>\n","protected":false},"excerpt":{"rendered":"<p>Karali\u0161ko Miego Rinkinys su pagalv\u0117l\u0117s u\u017evalkaliuku \u2013 tai nat\u016bralios prabangos paslaptis, suteikianti k\u016bnui ir protui tikr\u0105 poils\u012f. Nat\u016bralaus \u0161ilko pagalv\u0117s u\u017evalkalo \u0161velnus pavir\u0161ius ramina od\u0105 ir nuramina, tod\u0117l lengviau atsipalaiduoti ir grei\u010diau u\u017emigti. Jis nat\u016braliai reguliuoja temperat\u016br\u0105 \u2013 v\u0117sina vasar\u0105, \u0161ildo \u017eiem\u0105, leisdamas i\u0161laikyti tobul\u0105 komfort\u0105 vis\u0105 nakt\u012f. D\u0117l dr\u0117gm\u0117s balanso ir hipoalergini\u0173 savybi\u0173 jis [&hellip;]<\/p>\n","protected":false},"featured_media":6707,"template":"","meta":{"site-sidebar-layout":"default","site-content-layout":"","ast-site-content-layout":"default","site-content-style":"default","site-sidebar-style":"default","ast-global-header-display":"","ast-banner-title-visibility":"","ast-main-header-display":"","ast-hfb-above-header-display":"","ast-hfb-below-header-display":"","ast-hfb-mobile-header-display":"","site-post-title":"","ast-breadcrumbs-content":"","ast-featured-img":"","footer-sml-layout":"","ast-disable-related-posts":"","theme-transparent-header-meta":"default","adv-header-id-meta":"","stick-header-meta":"","header-above-stick-meta":"","header-main-stick-meta":"","header-below-stick-meta":"","astra-migrate-meta-layouts":"set","ast-page-background-enabled":"default","ast-page-background-meta":{"desktop":{"background-color":"var(--ast-global-color-5)","background-image":"","background-repeat":"repeat","background-position":"center center","background-size":"auto","background-attachment":"scroll","background-type":"","background-media":"","overlay-type":"","overlay-color":"","overlay-opacity":"","overlay-gradient":""},"tablet":{"background-color":"","background-image":"","background-repeat":"repeat","background-position":"center center","background-size":"auto","background-attachment":"scroll","background-type":"","background-media":"","overlay-type":"","overlay-color":"","overlay-opacity":"","overlay-gradient":""},"mobile":{"background-color":"","background-image":"","background-repeat":"repeat","background-position":"center center","background-size":"auto","background-attachment":"scroll","background-type":"","background-media":"","overlay-type":"","overlay-color":"","overlay-opacity":"","overlay-gradient":""}},"ast-content-background-meta":{"desktop":{"background-color":"var(--ast-global-color-4)","background-image":"","background-repeat":"repeat","background-position":"center center","background-size":"auto","background-attachment":"scroll","background-type":"","background-media":"","overlay-type":"","overlay-color":"","overlay-opacity":"","overlay-gradient":""},"tablet":{"background-color":"var(--ast-global-color-4)","background-image":"","background-repeat":"repeat","background-position":"center center","background-size":"auto","background-attachment":"scroll","background-type":"","background-media":"","overlay-type":"","overlay-color":"","overlay-opacity":"","overlay-gradient":""},"mobile":{"background-color":"var(--ast-global-color-4)","background-image":"","background-repeat":"repeat","background-position":"center center","background-size":"auto","background-attachment":"scroll","background-type":"","background-media":"","overlay-type":"","overlay-color":"","overlay-opacity":"","overlay-gradient":""}}},"product_brand":[],"product_cat":[20,16,15],"product_tag":[],"giftcard-category":[],"class_list":{"0":"post-6503","1":"product","2":"type-product","3":"status-publish","4":"has-post-thumbnail","6":"product_cat-dovanu-idejos","7":"product_cat-kvepalai","8":"product_cat-uncategorized","9":"desktop-align-center","10":"tablet-align-left","11":"mobile-align-left","13":"first","14":"instock","15":"taxable","16":"shipping-taxable","17":"purchasable","18":"product-type-variable"},"_links":{"self":[{"href":"https:\/\/bysense.eu\/en\/wp-json\/wp\/v2\/product\/6503","targetHints":{"allow":["GET"]}}],"collection":[{"href":"https:\/\/bysense.eu\/en\/wp-json\/wp\/v2\/product"}],"about":[{"href":"https:\/\/bysense.eu\/en\/wp-json\/wp\/v2\/types\/product"}],"wp:featuredmedia":[{"embeddable":true,"href":"https:\/\/bysense.eu\/en\/wp-json\/wp\/v2\/media\/6707"}],"wp:attachment":[{"href":"https:\/\/bysense.eu\/en\/wp-json\/wp\/v2\/media?parent=6503"}],"wp:term":[{"taxonomy":"product_brand","embeddable":true,"href":"https:\/\/bysense.eu\/en\/wp-json\/wp\/v2\/product_brand?post=6503"},{"taxonomy":"product_cat","embeddable":true,"href":"https:\/\/bysense.eu\/en\/wp-json\/wp\/v2\/product_cat?post=6503"},{"taxonomy":"product_tag","embeddable":true,"href":"https:\/\/bysense.eu\/en\/wp-json\/wp\/v2\/product_tag?post=6503"},{"taxonomy":"giftcard-category","embeddable":true,"href":"https:\/\/bysense.eu\/en\/wp-json\/wp\/v2\/giftcard-category?post=6503"}],"curies":[{"name":"wp","href":"https:\/\/api.w.org\/{rel}","templated":true}]}}