{"id":6238,"date":"2025-10-04T13:11:14","date_gmt":"2025-10-04T13:11:14","guid":{"rendered":"https:\/\/bysense.eu\/?post_type=product&#038;p=6238"},"modified":"2026-04-10T06:11:17","modified_gmt":"2026-04-10T06:11:17","slug":"kvapu-dirbtuves-kovo-8-d","status":"publish","type":"product","link":"https:\/\/bysense.eu\/en\/produktas\/kvapu-dirbtuves-kovo-8-d\/","title":{"rendered":"Kvap\u0173 dirbtuv\u0117s &#8211; kovo 8d."},"content":{"rendered":"<p>Kovo 8-\u0105j\u0105 kvie\u010diu pamin\u0117ti Moters Dien\u0105 kuriant kvepian\u010dius prisiminimus \ud83c\udf38<\/p>\n<p>J\u016bs\u0173 lauks egzoti\u0161ka ir i\u0161skirtin\u0117 kvap\u0173 palet\u0117 \u2013 kad kiekviena gal\u0117tum\u0117te atrasti savo m\u0117gstamiausias natas. Kursime savo asmenin\u012f aromat\u0105 atrasdamos k\u0105 m\u016bs\u0173 pasirinkimai rei\u0161kia pagal kvap\u0173 psichologij\u0105.<\/p>\n<p><strong>Kas j\u016bs\u0173 laukia:<\/strong><\/p>\n<p>\u25ab\ufe0f <strong>\u017dinios apie kvap\u0173 psichologij\u0105<\/strong> su galimybe prakti\u0161kai patirti j\u0173 poveik\u012f;<br \/>\n\u25ab\ufe0f <strong>Pa\u017eintis su nat\u016braliomis parfumerin\u0117mis med\u017eiagomis,<\/strong> kurios yra priskiriamos prie etaloni\u0173 kvap\u0173;<br \/>\n\u25ab\ufe0f <strong>Asmeninio pur\u0161kiamo kvapo k\u016brmas (10 ml),<\/strong> kur\u012f patogiai gal\u0117site ne\u0161iotis savo rankin\u0117je.<\/p>\n<p>Taip pat laukia dovanos \u2013 kvepal\u0173 m\u0117gin\u0117liai i\u0161 mano naujausios kolekcijos ir \u0161ventin\u0117 atmosfera \ud83e\udd42<\/p>\n<p>Jei Moters dien\u0105 norisi ne triuk\u0161mo, o prasm\u0117s \u2013 \u0161is renginys jums!<\/p>\n<p data-start=\"246\" data-end=\"337\"><strong data-start=\"246\" data-end=\"265\">Renginio vieta:<\/strong> K. Donelai\u010dio g., Kaunas<br data-start=\"290\" data-end=\"293\" \/>(Viet\u0105 patikslinsiu prisiregistravusiems).<\/p>\n<p><strong data-start=\"339\" data-end=\"359\">Renginio prad\u017eia: 12 val.<\/strong><\/p>\n<p><strong data-start=\"339\" data-end=\"359\">Renginio trukm\u0117:<\/strong> 2 val.<\/p>\n","protected":false},"excerpt":{"rendered":"<p>Kovo 8-\u0105j\u0105 kvie\u010diu pamin\u0117ti Moters Dien\u0105 kuriant kvepian\u010dius prisiminimus \ud83c\udf38 J\u016bs\u0173 lauks egzoti\u0161ka ir i\u0161skirtin\u0117 kvap\u0173 palet\u0117 \u2013 kad kiekviena gal\u0117tum\u0117te atrasti savo m\u0117gstamiausias natas. Kursime savo asmenin\u012f aromat\u0105 atrasdamos k\u0105 m\u016bs\u0173 pasirinkimai rei\u0161kia pagal kvap\u0173 psichologij\u0105. Kas j\u016bs\u0173 laukia: \u25ab\ufe0f \u017dinios apie kvap\u0173 psichologij\u0105 su galimybe prakti\u0161kai patirti j\u0173 poveik\u012f; \u25ab\ufe0f Pa\u017eintis su nat\u016braliomis [&hellip;]<\/p>\n","protected":false},"featured_media":6820,"template":"","meta":{"site-sidebar-layout":"default","site-content-layout":"","ast-site-content-layout":"default","site-content-style":"default","site-sidebar-style":"default","ast-global-header-display":"","ast-banner-title-visibility":"","ast-main-header-display":"","ast-hfb-above-header-display":"","ast-hfb-below-header-display":"","ast-hfb-mobile-header-display":"","site-post-title":"","ast-breadcrumbs-content":"","ast-featured-img":"","footer-sml-layout":"","ast-disable-related-posts":"","theme-transparent-header-meta":"default","adv-header-id-meta":"","stick-header-meta":"","header-above-stick-meta":"","header-main-stick-meta":"","header-below-stick-meta":"","astra-migrate-meta-layouts":"set","ast-page-background-enabled":"default","ast-page-background-meta":{"desktop":{"background-color":"var(--ast-global-color-5)","background-image":"","background-repeat":"repeat","background-position":"center center","background-size":"auto","background-attachment":"scroll","background-type":"","background-media":"","overlay-type":"","overlay-color":"","overlay-opacity":"","overlay-gradient":""},"tablet":{"background-color":"","background-image":"","background-repeat":"repeat","background-position":"center center","background-size":"auto","background-attachment":"scroll","background-type":"","background-media":"","overlay-type":"","overlay-color":"","overlay-opacity":"","overlay-gradient":""},"mobile":{"background-color":"","background-image":"","background-repeat":"repeat","background-position":"center center","background-size":"auto","background-attachment":"scroll","background-type":"","background-media":"","overlay-type":"","overlay-color":"","overlay-opacity":"","overlay-gradient":""}},"ast-content-background-meta":{"desktop":{"background-color":"var(--ast-global-color-4)","background-image":"","background-repeat":"repeat","background-position":"center center","background-size":"auto","background-attachment":"scroll","background-type":"","background-media":"","overlay-type":"","overlay-color":"","overlay-opacity":"","overlay-gradient":""},"tablet":{"background-color":"var(--ast-global-color-4)","background-image":"","background-repeat":"repeat","background-position":"center center","background-size":"auto","background-attachment":"scroll","background-type":"","background-media":"","overlay-type":"","overlay-color":"","overlay-opacity":"","overlay-gradient":""},"mobile":{"background-color":"var(--ast-global-color-4)","background-image":"","background-repeat":"repeat","background-position":"center center","background-size":"auto","background-attachment":"scroll","background-type":"","background-media":"","overlay-type":"","overlay-color":"","overlay-opacity":"","overlay-gradient":""}}},"product_brand":[],"product_cat":[15],"product_tag":[],"giftcard-category":[],"class_list":{"0":"post-6238","1":"product","2":"type-product","3":"status-publish","4":"has-post-thumbnail","6":"product_cat-uncategorized","7":"desktop-align-center","8":"tablet-align-left","9":"mobile-align-left","11":"first","12":"instock","13":"taxable","14":"shipping-taxable","15":"purchasable","16":"product-type-simple"},"_links":{"self":[{"href":"https:\/\/bysense.eu\/en\/wp-json\/wp\/v2\/product\/6238","targetHints":{"allow":["GET"]}}],"collection":[{"href":"https:\/\/bysense.eu\/en\/wp-json\/wp\/v2\/product"}],"about":[{"href":"https:\/\/bysense.eu\/en\/wp-json\/wp\/v2\/types\/product"}],"wp:featuredmedia":[{"embeddable":true,"href":"https:\/\/bysense.eu\/en\/wp-json\/wp\/v2\/media\/6820"}],"wp:attachment":[{"href":"https:\/\/bysense.eu\/en\/wp-json\/wp\/v2\/media?parent=6238"}],"wp:term":[{"taxonomy":"product_brand","embeddable":true,"href":"https:\/\/bysense.eu\/en\/wp-json\/wp\/v2\/product_brand?post=6238"},{"taxonomy":"product_cat","embeddable":true,"href":"https:\/\/bysense.eu\/en\/wp-json\/wp\/v2\/product_cat?post=6238"},{"taxonomy":"product_tag","embeddable":true,"href":"https:\/\/bysense.eu\/en\/wp-json\/wp\/v2\/product_tag?post=6238"},{"taxonomy":"giftcard-category","embeddable":true,"href":"https:\/\/bysense.eu\/en\/wp-json\/wp\/v2\/giftcard-category?post=6238"}],"curies":[{"name":"wp","href":"https:\/\/api.w.org\/{rel}","templated":true}]}}