{"id":5870,"date":"2025-03-30T13:33:13","date_gmt":"2025-03-30T13:33:13","guid":{"rendered":"https:\/\/bysense.eu\/?post_type=product&#038;p=5870"},"modified":"2026-02-01T17:23:43","modified_gmt":"2026-02-01T17:23:43","slug":"naturalus-kvepalai-10ml","status":"publish","type":"product","link":"https:\/\/bysense.eu\/en\/produktas\/naturalus-kvepalai-10ml\/","title":{"rendered":"Nat\u016bral\u016bs kvepalai 10ml"},"content":{"rendered":"<p>Kiekvienas kvapas sukurtas tikslingai, remiantis kvap\u0173 psichologija. Tiek kvap\u0105 tiek mineral\u0105 galite pasirinkt i\u0161 pateikt\u0173 variant\u0173, taip susikurdami savo asmenin\u012f derin\u012f.<\/p>\n<p>Kvapas <strong>GAUSA<\/strong> \u2013 tai kvietimas atrasti tikr\u0105j\u0105 gaus\u0105 savyje ir aplink.<\/p>\n<p>\u0160i kvepal\u0173 id\u0117ja gim\u0117 i\u0161 nori priminti, kad visi esame apsupti gausos, tereikia j\u0105 \u012fsileisti.<\/p>\n<p>Tai \u017ealias, \u0161velniai medieni\u0161kas kvapas, primena \u0161vie\u017eiai spausdint\u0173 pinig\u0173 kvap\u0105.<\/p>\n<p>Kvapas kuris su\u017eadina gausos jausmus. Jis primena, kad finansin\u0117 gausa yra tik labai ma\u017ea gausos dalis. Tikroji gausa tai min\u010di\u0173 gausa, laiko gausa, gausa kuri\u0105 gauname i\u0161 gamtos, m\u016bs\u0173 tik\u0117jimo gausa. O kai u\u017esipildome visa \u0161ia gausa i\u0161 vidaus, nat\u016braliai gr\u012f\u017eta pasitik\u0117jimas savimi, ry\u017etas veikti ir siekti savo tiksl\u0173.<\/p>\n<p>Remiantis kvap\u0173 psichologija \u0161is kvapas suteikia mintims ai\u0161kumo ir krypties, gra\u017eina d\u0117mes\u012f \u012f \u010dia ir dabar, suteikia poj\u016bt\u012f, kad turiu visko ko man reikia. \u0160velniai tonizuoja suteikdamas nat\u016bralaus \u017evalumo. Kuria tvarkos poj\u016bt\u012f, nuskaidrina s\u0105mon\u0119, stiprina analitinius geb\u0117jimus ir intuicij\u0105. Aktyvina k\u016brybin\u0119 intelektualin\u0119 veikl\u0105.<\/p>\n<p>Vir\u0161utin\u0117 dominuojanti nata: juodieji pipirai &#8211; \u017eadina nor\u0105 veikti, simbolizuoja energij\u0105 ir aistr\u0105.<br \/>\n\u0160irdies dominuojanti nata: bazilikai &#8211; suteikia \u017evalumo ir min\u010di\u0173 ai\u0161kumo, taip pat yra ir gausos aromatas.<br \/>\nBazin\u0117 dominuojanti nata: pa\u010diulis &#8211; suteikia aromatui gylio ir stabilumo, \u012f\u017eemina, ramina ir harmonizuoja.<\/p>\n<p><em>sud\u0117tis<\/em>: Alcohol denat., 100% Natural fragrance, Patchouli Alcohol, Benzyl Salicylate, Eugenol, Linalool, Linalyl Acetate, Farnesol, Geraniol, Benzyl Benzoate, Benzyl Alcohol, Isoeugenol, Cinnamal, Cinnamyl Alcohol. Tai 100% nat\u016bral\u016bs kvepalai \u2013 be sintetini\u0173 pried\u0173.<\/p>\n<p>Kvepalai <strong>MEIL\u0116 <\/strong>&#8211; tai kvietimas leisti sau\u00a0 nor\u0117ti ir gauti tai ko trok\u0161tame.<\/p>\n<p>Meil\u0117s kvepal\u0173 id\u0117ja gim\u0117 i\u0161 noro padaryti \u0161i\u0105 siekiamyb\u0119 daug lengviau pasiekiam\u0105 &#8211; tereikia la\u0161elio ir j\u016bs jau esate apgaubta Meil\u0117s.<\/p>\n<p class=\"p1\">Meil\u0117 prasideda nuo meil\u0117s sau, o meil\u0117 sau prasideda nuo leidimo sau to ko labiausiai \u0161iuo metu nori. Tai kelion\u0117 prasidedanti nuo sav\u0119s pa\u017einimo ir pri\u0117mimo. Tai dr\u0105sa leisti sau nor\u0117ti ir gauti tai, ko i\u0161 ties\u0173 trok\u0161tame. o kuo labiau mylime save, tuo stipresn\u0117 tampa m\u016bs\u0173 savivert\u0117 ir pasitik\u0117jimas savimi.Kakava, kaip viena i\u0161 pagrindini\u0173 \u0161io aromato nat\u0173, simbolizuoja meil\u0119, vienyb\u0119 ir d\u0117kingum\u0105 \u2013 jausmus, kurie yra meil\u0117s pamatas.<\/p>\n<p class=\"p1\">Tai \u0161velniai pudri\u0161ki, gurmani\u0161ki, \u0161ilti, primenantys nesaldint\u0105 tams\u0173 \u0161okolad\u0105 kvepalai. Remiantis kvap\u0173 psichologija \u0161is kvapas sujungia mus su tikraisiais savimi, stiprina m\u016bs\u0173 identitet\u0105, suteikia vidin\u0117s ramyb\u0117s, jaukumo. Veikia kaip antidepresentas, turi ir afrodiziakini\u0173 savybi\u0173.<\/p>\n<p>Vir\u0161utin\u0117 dominuojanti nata: iris\u0173 \u0161aknys &#8211; tirpdo emocinius blokus, gydo vidines nuoskaudas. Skatinti intuicij\u0105 ir meil\u0119<br \/>\n\u0160irdies dominuojanti nata: cinamonas &#8211; \u017eadina optimizm\u0105, tik\u0117jim\u0105 savo j\u0117gomis, \u0161alina gailest\u012f sau ir vienatv\u0117s jausm\u0105.<br \/>\nBazin\u0117 dominuojanti nata: kakavos absoliutas &#8211; atveria \u0161ird\u012f ir apimamas visas \u0161irdies temas: meil\u0117, atjauta, atleidimas ir d\u0117kingumas<\/p>\n<p><em>Sud\u0117tis<\/em>: Alcohol denat., 100% Natural fragrance, Coumarin, Vanillin, Benzyl Benzoate, Benzyl Salicylate, Linalool, Linalyl Acetate, Eugenol, Farnesol, Geraniol, Benzyl Alcohol, Cinnamyl Alcohol, Cinnamal, Isoeugenol, Salicylic Acid. Tai 100% nat\u016bral\u016bs kvepalai \u2013 be sintetini\u0173 pried\u0173.<\/p>\n<p>Kvepalai <strong>LAIM\u0116<\/strong> &#8211; tai kvietimas d\u017eiaugtis kiekviena akimirka ir kurti savo laim\u0117s istorij\u0105.<\/p>\n<p>\u0160ie kvepalai gim\u0117 i\u0161 noro priminti, kad laim\u0117 tai vis\u0173 pirma po\u017ei\u016bris, o tai k\u0105 vadiname laime &#8211; m\u016bs\u0173 po\u017ei\u016brio rezultatas.<\/p>\n<p class=\"p1\">Laim\u0117 visiems yra skirtingi dalykai, ta\u010diau kad ir kas tai beb\u016bt\u0173, laim\u0117 yra tai, d\u0117l ko mes pradedame \u0161vyt\u0117ti. B\u016btent apie tai ir yra \u0161is kvapas &#8211; keliantis nuotaik\u0105, suteikia poj\u016bt\u012f, kad gyvenimas yra gra\u017eus, kad jis turi b\u016bti \u0161vent\u0117, skatina lengvesn\u012f, nuo\u0161irdesn\u012f bendravim\u0105.<\/p>\n<p>\u0160ie kvepalai asocijuojasi su prabanga, d\u017eiaugsmo akimirkomis ir \u0161vente. Turi afrodiziakini\u0173 savybi\u0173.<\/p>\n<p>Vir\u0161utin\u0117 dominuojanti nata: bergamot\u0117 &#8211; kuria teigiamas mintis apie save, leid\u017eia d\u017eiaugtis gyvenimu.<br \/>\n\u0160irdies dominuojanti nata: apelsin\u0173 \u017eiedai &#8211; veikia tonizuojanc\u030ciai, susigra\u0328\u017eina spontani\u0161kuma\u0328, humoro jausma\u0328 ir \u017eaisminguma\u0328.<br \/>\nBazin\u0117 dominuojanti nata: agarmedis &#8211; ma\u017eina stresa\u0328, skatina atsipalaidavim\u0105 ir kelia nuotaik\u0105.<\/p>\n<p><em>Sud\u0117tis<\/em>: Alcohol denat., 100% Natural fragrance, Benzoin Resin, Benzyl Salicylate, Linalool, Linalyl Acetate, Farnesol, Geraniol, Benzyl Benzoate, Benzyl Alcohol, Eugenol, Isoeugenol, Cinnamal, Cinnamyl Alcohol, Hexanal, Citral, Limonene. Tai 100% nat\u016bral\u016bs kvepalai \u2013 be sintetini\u0173 pried\u0173.<\/p>\n<p>Kvepalai <strong>GALIA <\/strong>&#8211; tai kvietimas atrasti savo vidin\u0119 ugnel\u0119 ir pasitik\u0117jim\u0105 savimi.<\/p>\n<p>Jie gim\u0117 i\u0161 noro \u012fkv\u0117pti \u017emones siekti savo svajoni\u0173.<\/p>\n<p>Galia prasideda nuo sav\u0119s pripa\u017einimo ir pasitik\u0117jimo savo geb\u0117jimais.<\/p>\n<p>Tai a\u0161trus, \u017ealias, pakyl\u0117jantis ir energijos suteikiantis aromatas. \u0160is aromatas simbolizuoja augim\u0105, atgimim\u0105 ir naujas prad\u017eias. Remiantis kvap\u0173 psichologija, Galia skatina ry\u017etingum\u0105, suteikia j\u0117g\u0173 ir padeda \u012fveikti baimes. Tai aromatas, kuris suteikia pasitik\u0117jimo savimi ir padeda pasiekti u\u017esibr\u0117\u017et\u0173 tiksl\u0173.<\/p>\n<p>Vir\u0161utin\u0117 dominuojanti nata: imbierai &#8211; \u017eadina dr\u0105s\u0105, ry\u017et\u0105 ir suteikia energijos.<br \/>\n\u0160irdies dominuojanti nata: neroli &#8211; ma\u017eina stres\u0105, nerim\u0105 ir skatina pozityvum\u0105, simbolizuoja naujas prad\u017eias.<br \/>\nBazin\u0117 dominuojanti nata: vetiverija &#8211; i\u0161laisvina i\u0161 susikaustymo, \u012f\u017eemina ir padeda atskleisti tikr\u0105j\u012f \u201eA\u0161\u201c.<\/p>\n<p><em>Sud\u0117tis<\/em>: Alcohol denat., 100% Natural fragrance, Limonene, Linalool, Geraniol, Citral, Farnesol, Eugenol, Coumarin. Tai 100% nat\u016bral\u016bs kvepalai \u2013 be sintetini\u0173 pried\u0173.<\/p>\n<p>Kvepalai &#8211;\u00a0 <strong>LAUMI\u0172 SODELIS<\/strong><\/p>\n<p>Apelsin\u0173 gaiva persipina su \u0161velniais \u017eiedais ir jazmin\u0173 prisilietimu, o vanil\u0117 ir tonka apgaubia \u0161iluma bei jaukumu.\u00a0 \u0160is kvapas gim\u0117 kai Gabija k\u016br\u0117 asmeninius kvepalus sau &#8211; ir netik\u0117tai atskleid\u0117 tai, kuo kvepia jos sodas.<\/p>\n<p>Tai kvapas moteriai, kuri spindi i\u0161 vidaus.<\/p>\n<p>Vir\u0161utin\u0117 dominuojanti nata \u2013 apelsinas. I\u0161sklaido li\u016bdes\u012f ir nerim\u0105. Stiprina tik\u0117jim\u0105 savo j\u0117gomis ir optimizm\u0105, skatina k\u016brybingum\u0105.<\/p>\n<p>\u0160irdies dominuojantis nata \u2013 apelsin\u0173 \u017eied\u0173 absoliutas. Tai kvapas, kuris simbolizuoja moteri\u0161kum\u0105, \u0161velnum\u0105 ir sav\u0119s pri\u0117mim\u0105.<\/p>\n<p data-start=\"534\" data-end=\"710\">Bazin\u0117 nata \u2013 vanil\u0117. Tai \u0161iluma, komfortas ir subtili prabanga. Vanil\u0117 ramina, suteikia saugumo jausm\u0105 ir leid\u017eia atsiskleisti vidinei harmonijai.<\/p>\n<p data-start=\"534\" data-end=\"710\"><em>Sud\u0117tis<\/em>: Alcohol denat., 100% Natural fragrance, Limonene, Linalool, Benzyl Benzoate, Citral, Geraniol, Farnesol. Tai 100% nat\u016bral\u016bs kvepalai \u2013 be sintetini\u0173 pried\u0173.<\/p>\n","protected":false},"excerpt":{"rendered":"<p>Kiekvienas kvapas sukurtas tikslingai, remiantis kvap\u0173 psichologija. Tiek kvap\u0105 tiek mineral\u0105 galite pasirinkt i\u0161 pateikt\u0173 variant\u0173, taip susikurdami savo asmenin\u012f derin\u012f. Kvapas GAUSA \u2013 tai kvietimas atrasti tikr\u0105j\u0105 gaus\u0105 savyje ir aplink. \u0160i kvepal\u0173 id\u0117ja gim\u0117 i\u0161 nori priminti, kad visi esame apsupti gausos, tereikia j\u0105 \u012fsileisti. Tai \u017ealias, \u0161velniai medieni\u0161kas kvapas, primena \u0161vie\u017eiai spausdint\u0173 [&hellip;]<\/p>\n","protected":false},"featured_media":6711,"template":"","meta":{"site-sidebar-layout":"default","site-content-layout":"","ast-site-content-layout":"default","site-content-style":"default","site-sidebar-style":"default","ast-global-header-display":"","ast-banner-title-visibility":"","ast-main-header-display":"","ast-hfb-above-header-display":"","ast-hfb-below-header-display":"","ast-hfb-mobile-header-display":"","site-post-title":"","ast-breadcrumbs-content":"","ast-featured-img":"","footer-sml-layout":"","ast-disable-related-posts":"","theme-transparent-header-meta":"default","adv-header-id-meta":"","stick-header-meta":"","header-above-stick-meta":"","header-main-stick-meta":"","header-below-stick-meta":"","astra-migrate-meta-layouts":"set","ast-page-background-enabled":"default","ast-page-background-meta":{"desktop":{"background-color":"var(--ast-global-color-5)","background-image":"","background-repeat":"repeat","background-position":"center center","background-size":"auto","background-attachment":"scroll","background-type":"","background-media":"","overlay-type":"","overlay-color":"","overlay-opacity":"","overlay-gradient":""},"tablet":{"background-color":"","background-image":"","background-repeat":"repeat","background-position":"center center","background-size":"auto","background-attachment":"scroll","background-type":"","background-media":"","overlay-type":"","overlay-color":"","overlay-opacity":"","overlay-gradient":""},"mobile":{"background-color":"","background-image":"","background-repeat":"repeat","background-position":"center center","background-size":"auto","background-attachment":"scroll","background-type":"","background-media":"","overlay-type":"","overlay-color":"","overlay-opacity":"","overlay-gradient":""}},"ast-content-background-meta":{"desktop":{"background-color":"var(--ast-global-color-4)","background-image":"","background-repeat":"repeat","background-position":"center center","background-size":"auto","background-attachment":"scroll","background-type":"","background-media":"","overlay-type":"","overlay-color":"","overlay-opacity":"","overlay-gradient":""},"tablet":{"background-color":"var(--ast-global-color-4)","background-image":"","background-repeat":"repeat","background-position":"center center","background-size":"auto","background-attachment":"scroll","background-type":"","background-media":"","overlay-type":"","overlay-color":"","overlay-opacity":"","overlay-gradient":""},"mobile":{"background-color":"var(--ast-global-color-4)","background-image":"","background-repeat":"repeat","background-position":"center center","background-size":"auto","background-attachment":"scroll","background-type":"","background-media":"","overlay-type":"","overlay-color":"","overlay-opacity":"","overlay-gradient":""}}},"product_brand":[],"product_cat":[20,16,15],"product_tag":[],"giftcard-category":[],"class_list":{"0":"post-5870","1":"product","2":"type-product","3":"status-publish","4":"has-post-thumbnail","6":"product_cat-dovanu-idejos","7":"product_cat-kvepalai","8":"product_cat-uncategorized","9":"desktop-align-center","10":"tablet-align-left","11":"mobile-align-left","13":"first","14":"instock","15":"taxable","16":"shipping-taxable","17":"purchasable","18":"product-type-variable"},"_links":{"self":[{"href":"https:\/\/bysense.eu\/en\/wp-json\/wp\/v2\/product\/5870","targetHints":{"allow":["GET"]}}],"collection":[{"href":"https:\/\/bysense.eu\/en\/wp-json\/wp\/v2\/product"}],"about":[{"href":"https:\/\/bysense.eu\/en\/wp-json\/wp\/v2\/types\/product"}],"wp:featuredmedia":[{"embeddable":true,"href":"https:\/\/bysense.eu\/en\/wp-json\/wp\/v2\/media\/6711"}],"wp:attachment":[{"href":"https:\/\/bysense.eu\/en\/wp-json\/wp\/v2\/media?parent=5870"}],"wp:term":[{"taxonomy":"product_brand","embeddable":true,"href":"https:\/\/bysense.eu\/en\/wp-json\/wp\/v2\/product_brand?post=5870"},{"taxonomy":"product_cat","embeddable":true,"href":"https:\/\/bysense.eu\/en\/wp-json\/wp\/v2\/product_cat?post=5870"},{"taxonomy":"product_tag","embeddable":true,"href":"https:\/\/bysense.eu\/en\/wp-json\/wp\/v2\/product_tag?post=5870"},{"taxonomy":"giftcard-category","embeddable":true,"href":"https:\/\/bysense.eu\/en\/wp-json\/wp\/v2\/giftcard-category?post=5870"}],"curies":[{"name":"wp","href":"https:\/\/api.w.org\/{rel}","templated":true}]}}