{"id":4612,"date":"2024-12-11T10:59:19","date_gmt":"2024-12-11T10:59:19","guid":{"rendered":"https:\/\/bysense.eu\/?post_type=product&#038;p=4612"},"modified":"2025-01-11T09:47:35","modified_gmt":"2025-01-11T09:47:35","slug":"trasnlation-test-suskurk-savo-rinkini","status":"publish","type":"product","link":"https:\/\/bysense.eu\/en\/produktas\/trasnlation-test-suskurk-savo-rinkini\/","title":{"rendered":"trasnlation test &#8211; suskurk savo rinkini"},"content":{"rendered":"<p>Paskirtis:<br \/>\nTai unikalus derinys, kuriame susijungia nat\u016brali\u0173 kvap\u0173, \u017evak\u0117s liepsnos ir onikso kristalo energijos. \u0160i tikslingai sujungta trij\u0173 element\u0173 sinergija skirta atkurti m\u016bs\u0173 proto, k\u016bno ir sielos harmonij\u0105. O asmeni\u0161kai pasirinkus \u017evak\u0117s kvap\u0105 ir onikso spalv\u0105, ji tampa dar labiau pritaikyta tam, kam ji skirta.<br \/>\nInterjeras:<br \/>\n\u0160is \u017evaki\u0173 indas puikiai tinka tiems, kurie nori, kad jis tapt\u0173 i\u0161skirtiniu interjero dizaino akcentu. Tai eleganti\u0161kas j\u016bs\u0173 nam\u0173 priedas, pary\u0161kinantis j\u016bs\u0173 interjer\u0105 ir sukuriantis raminan\u010di\u0105 atmosfer\u0105 \u2013 prakti\u0161ka ir prasminga dovana sau ar kam nors ypatingam.<br \/>\nFeng Shui:<br \/>\nOniksas tai ne tik gra\u017ei interjero detal\u0117, ta\u010diau nuo seno jis buvo \u017einomas kaip apsaugos akmuo, o derinyje su ugnies elementu tai dar labiau stiprina apsaugines savybes. Pagal Feng Shui oniks\u0105 reik\u0117t\u0173 statyti toje vietoje, kuri\u0105 norime harmonizuoti, apsaugoti. Jis taip pat traukia s\u0117km\u0119 ir turtus.<br \/>\nSvarbi pastaba:<br \/>\nKiekviena onikso \u017evakid\u0117 yra vienintel\u0117 tokia pasaulyje \u2013 su unikaliu ra\u0161tu ir atspalviu. Tai lyg subtilus priminimas, kad kiekvienas mes esame ypatingi, kaip ir visi gamtos k\u016briniai.<br \/>\nTvarumas:<br \/>\n\u017dvak\u0117s pagamintos i\u0161 100% nat\u016bralaus kokoso va\u0161ko ir 100% nat\u016brali\u0173 kvapi\u0173j\u0173 med\u017eiag\u0173. L\u0117to degimo, dega \u0161variai, neter\u0161damos oro. Degimo laikas 50val. Kiekviena \u017evak\u0117 yra \u012fliejama \u012f stiklin\u012f ind\u0105, kuris yra daugkartinio naudojimo.<br \/>\nPakuot\u0117:<br \/>\nSupakuojma ir siun\u010diama ekologi\u0161kose, be plastiko pakuot\u0117se. Tiek \u017evakid\u0117, tiek \u017evak\u0117s kapsul\u0117 yra daugkartinio naudojimo. Rinkiniui taikoma papildoma 25% nuolaida. Tai m\u016bs\u0173 d\u0117kingumas jums u\u017e r\u016bpest\u012f savimi ir aplinka.<br \/>\nPrie\u017ei\u016bros instrukcijos:<br \/>\n\u017dvakid\u0117: Nuvalykite mink\u0161ta, dr\u0117gna \u0161luoste. Venkite abrazyvini\u0173 valymo priemoni\u0173, kad i\u0161laikytum\u0117te poliruot\u0105 pavir\u0161i\u0173.<br \/>\n\u017dvak\u0117: Prie\u0161 kiekvien\u0105 deginim\u0105 kirpkite knat\u0105 iki 5 mm, kad liepsna b\u016bt\u0173 stabili, i\u0161vengtum\u0117te d\u016bm\u0173 ir suod\u017ei\u0173. Nedeginkite \u017evak\u0117s ilgiau nei 1val, nes nat\u016bral\u016bs kvapai gali tur\u0117ti pertektlin\u012f poveik\u012f.<br \/>\n\u017dvakid\u0117:<br \/>\nDydis: skersmuo 8 cm, auk\u0161tis 11 cm<br \/>\nT\u016bris: 200 ml<br \/>\nSvoris: 0,7 kg<br \/>\n\u017dvak\u0117s kapsul\u0117:<br \/>\nDydis: skersmuo 6 cm, auk\u0161tis 8 cm<br \/>\nT\u016bris: 150 ml<br \/>\nSvoris: 0,155 kg<\/p>\n","protected":false},"excerpt":{"rendered":"<p>Paskirtis: Tai unikalus derinys, kuriame susijungia nat\u016brali\u0173 kvap\u0173, \u017evak\u0117s liepsnos ir onikso kristalo energijos. \u0160i tikslingai sujungta trij\u0173 element\u0173 sinergija skirta atkurti m\u016bs\u0173 proto, k\u016bno ir sielos harmonij\u0105. O asmeni\u0161kai pasirinkus \u017evak\u0117s kvap\u0105 ir onikso spalv\u0105, ji tampa dar labiau pritaikyta tam, kam ji skirta. Interjeras: \u0160is \u017evaki\u0173 indas puikiai tinka tiems, kurie nori, kad [&hellip;]<\/p>\n","protected":false},"featured_media":4467,"template":"","meta":{"site-sidebar-layout":"default","site-content-layout":"","ast-site-content-layout":"default","site-content-style":"default","site-sidebar-style":"default","ast-global-header-display":"","ast-banner-title-visibility":"","ast-main-header-display":"","ast-hfb-above-header-display":"","ast-hfb-below-header-display":"","ast-hfb-mobile-header-display":"","site-post-title":"","ast-breadcrumbs-content":"","ast-featured-img":"","footer-sml-layout":"","ast-disable-related-posts":"","theme-transparent-header-meta":"default","adv-header-id-meta":"","stick-header-meta":"","header-above-stick-meta":"","header-main-stick-meta":"","header-below-stick-meta":"","astra-migrate-meta-layouts":"set","ast-page-background-enabled":"default","ast-page-background-meta":{"desktop":{"background-color":"var(--ast-global-color-5)","background-image":"","background-repeat":"repeat","background-position":"center center","background-size":"auto","background-attachment":"scroll","background-type":"","background-media":"","overlay-type":"","overlay-color":"","overlay-opacity":"","overlay-gradient":""},"tablet":{"background-color":"","background-image":"","background-repeat":"repeat","background-position":"center center","background-size":"auto","background-attachment":"scroll","background-type":"","background-media":"","overlay-type":"","overlay-color":"","overlay-opacity":"","overlay-gradient":""},"mobile":{"background-color":"","background-image":"","background-repeat":"repeat","background-position":"center center","background-size":"auto","background-attachment":"scroll","background-type":"","background-media":"","overlay-type":"","overlay-color":"","overlay-opacity":"","overlay-gradient":""}},"ast-content-background-meta":{"desktop":{"background-color":"var(--ast-global-color-4)","background-image":"","background-repeat":"repeat","background-position":"center center","background-size":"auto","background-attachment":"scroll","background-type":"","background-media":"","overlay-type":"","overlay-color":"","overlay-opacity":"","overlay-gradient":""},"tablet":{"background-color":"var(--ast-global-color-4)","background-image":"","background-repeat":"repeat","background-position":"center center","background-size":"auto","background-attachment":"scroll","background-type":"","background-media":"","overlay-type":"","overlay-color":"","overlay-opacity":"","overlay-gradient":""},"mobile":{"background-color":"var(--ast-global-color-4)","background-image":"","background-repeat":"repeat","background-position":"center center","background-size":"auto","background-attachment":"scroll","background-type":"","background-media":"","overlay-type":"","overlay-color":"","overlay-opacity":"","overlay-gradient":""}}},"product_brand":[],"product_cat":[],"product_tag":[],"giftcard-category":[],"class_list":{"0":"post-4612","1":"product","2":"type-product","3":"status-publish","4":"has-post-thumbnail","6":"desktop-align-center","7":"tablet-align-left","8":"mobile-align-left","10":"first","11":"instock","12":"sale","13":"taxable","14":"shipping-taxable","15":"purchasable","16":"product-type-variable"},"_links":{"self":[{"href":"https:\/\/bysense.eu\/en\/wp-json\/wp\/v2\/product\/4612","targetHints":{"allow":["GET"]}}],"collection":[{"href":"https:\/\/bysense.eu\/en\/wp-json\/wp\/v2\/product"}],"about":[{"href":"https:\/\/bysense.eu\/en\/wp-json\/wp\/v2\/types\/product"}],"wp:featuredmedia":[{"embeddable":true,"href":"https:\/\/bysense.eu\/en\/wp-json\/wp\/v2\/media\/4467"}],"wp:attachment":[{"href":"https:\/\/bysense.eu\/en\/wp-json\/wp\/v2\/media?parent=4612"}],"wp:term":[{"taxonomy":"product_brand","embeddable":true,"href":"https:\/\/bysense.eu\/en\/wp-json\/wp\/v2\/product_brand?post=4612"},{"taxonomy":"product_cat","embeddable":true,"href":"https:\/\/bysense.eu\/en\/wp-json\/wp\/v2\/product_cat?post=4612"},{"taxonomy":"product_tag","embeddable":true,"href":"https:\/\/bysense.eu\/en\/wp-json\/wp\/v2\/product_tag?post=4612"},{"taxonomy":"giftcard-category","embeddable":true,"href":"https:\/\/bysense.eu\/en\/wp-json\/wp\/v2\/giftcard-category?post=4612"}],"curies":[{"name":"wp","href":"https:\/\/api.w.org\/{rel}","templated":true}]}}