{"id":4550,"date":"2024-09-24T19:03:28","date_gmt":"2024-09-24T19:03:28","guid":{"rendered":"https:\/\/bysense.eu\/terms-of-service\/"},"modified":"2025-01-08T15:47:49","modified_gmt":"2025-01-08T15:47:49","slug":"terms-of-service","status":"publish","type":"page","link":"https:\/\/bysense.eu\/en\/terms-of-service\/","title":{"rendered":"Terms of service"},"content":{"rendered":"\t\t<div data-elementor-type=\"wp-page\" data-elementor-id=\"4550\" class=\"elementor elementor-4550 elementor-2745\">\n\t\t\t\t<div class=\"elementor-element elementor-element-91c1da1 e-flex e-con-boxed e-con e-parent\" data-id=\"91c1da1\" data-element_type=\"container\" data-e-type=\"container\">\n\t\t\t\t\t<div class=\"e-con-inner\">\n\t\t\t\t<div class=\"elementor-element elementor-element-2326b9c elementor-widget elementor-widget-heading\" data-id=\"2326b9c\" data-element_type=\"widget\" data-e-type=\"widget\" data-widget_type=\"heading.default\">\n\t\t\t\t\t<h2 class=\"elementor-heading-title elementor-size-default\">CONDITIONS OF SERVICE<\/h2>\t\t\t\t<\/div>\n\t\t\t\t<div class=\"elementor-element elementor-element-253cafd elementor-widget elementor-widget-text-editor\" data-id=\"253cafd\" data-element_type=\"widget\" data-e-type=\"widget\" data-widget_type=\"text-editor.default\">\n\t\t\t\t\t\t\t\t\t<ol>\n<li><strong>  General provisions<\/strong><\/li>\n<\/ol>\n<p>1.1. \u0160ios preki\u0173 pirkimo \u2013 pardavimo taisykl\u0117s (toliau \u201eTaisykl\u0117s\u201c), yra juridi\u0161kai \u0161alims privalomas dokumentas, kuriame nustatomos Pirk\u0117jo ir Pardav\u0117jo teis\u0117s, pareigos ir atsakomyb\u0117, \u012fsigyjant prekes elektronin\u0117je parduotuv\u0117je bysense.eu (toliau \u2013 \u201ce-parduotuv\u0117\u201d). <\/p>\n<p>1.2. Pardav\u0117jas pasilieka teis\u0119 bet kuriuo metu pakeisti, taisyti ar papildyti Taisykles, atsi\u017evelgdamas \u012f LR teis\u0117s akt\u0173 nustatytus reikalavimus. <\/p>\n<ol start=\"2\">\n<li><strong>  The moment of conclusion of the sale and purchase agreement<\/strong><\/li>\n<\/ol>\n<p>2.1. Sutartis tarp Pirk\u0117jo ir pardav\u0117jo laikoma sudaryta nuo to momento, kai Pirk\u0117jas e-parduotuv\u0117je suformuoja preki\u0173 krep\u0161el\u012f, nurodo pristatymo adres\u0105, pasirenka apmok\u0117jimo b\u016bd\u0105 ir susipa\u017ein\u0119s su Taisykl\u0117mis, paspaud\u017eia mygtuk\u0105 \u201cPatvirtinti u\u017esakym\u0105\u201d <\/p>\n<ol start=\"3\">\n<li><strong>  Seller&#8217;s rights<\/strong><\/li>\n<\/ol>\n<p>3.1. Susidarius svarbioms aplinkyb\u0117ms, Pardav\u0117jas gali laikinai arba i\u0161 viso nutraukti e-parduotuv\u0117s veikl\u0105, apie tai i\u0161 anksto neprane\u0161\u0119 Pirk\u0117jui. <\/p>\n<p>3.2. Jei Pirk\u0117jas bando pakenkti e-parduotuv\u0117s darbui, stabilumui ir saugumui ar pa\u017eeid\u017eia savo \u012fsipareigojimus, Pardav\u0117jas turi teis\u0119 be persp\u0117jimo apriboti ar sustabdyti jam galimyb\u0119 naudotis e-parduotuve arba i\u0161skirtiniais atvejais panaikinti Pirk\u0117jo registracij\u0105. <\/p>\n<p>3.3. Pardav\u0117jas pasilieka sau teis\u0119 viena\u0161ali\u0161kai pakeisti \u0161i\u0173 taisykli\u0173 s\u0105lygas be i\u0161ankstinio \u012fsp\u0117jimo. <\/p>\n<p>3.4. Pardav\u0117jas turi teis\u0119 i\u0161 anksto neprane\u0161\u0119s Pirk\u0117jui anuliuoti jo u\u017esakym\u0105, jeigu Pirk\u0117jas, nesumoka u\u017e prekes per 5 (penkias) darbo dienas, nebent abi \u0161alys susitaria kitaip. <\/p>\n<p>3.5. Visus prane\u0161imus tarp \u0161ali\u0173 si\u0173sti Pirk\u0117jo registracijos formoje pateiktais elektroninio pa\u0161to adresais. <\/p>\n<ol start=\"4\">\n<li><strong>  Obligations and responsibilities of the Seller<\/strong><\/li>\n<\/ol>\n<p>4.1. Pardav\u0117jas \u012fsipareigoja sudaryti visas s\u0105lygas Pirk\u0117jui tinkamai naudotis e-parduotuv\u0117s teikiamomis paslaugomis. <\/p>\n<p>4.2. Pardav\u0117jas \u012fsipareigoja pristatyti Pirk\u0117jo u\u017esakytas prekes, Pirk\u0117jo nurodytu adresu ir per sutart\u0105 pristatymo laikotarp\u012f. <\/p>\n<p>4.3. Pardav\u0117jas, susidarius svarbioms aplinkyb\u0117ms, negal\u0117damas Pirk\u0117jui pristatyti u\u017esakytos prek\u0117s, \u012fsipareigoja Pirk\u0117jui pasi\u016blyti analogi\u0161k\u0105 prek\u0119, o Pirk\u0117jui atsisakius priimti prek\u0117s analog\u0105, gr\u0105\u017einti sumok\u0117tus pinigus per tris darbo dienas, jei Pirk\u0117jas atliko i\u0161ankstin\u012f apmok\u0117jim\u0105. <\/p>\n<p>4.4. Pirk\u0117jui pasinaudojus Taisykli\u0173 5.2. punkte numatyta teise, Pardav\u0117jas \u012fsipareigoja gr\u0105\u017einti Pirk\u0117jui sumok\u0117tus pinigus per 10 (de\u0161imt) darbo dien\u0173, skai\u010diuojam\u0173 nuo gr\u0105\u017einamos prek\u0117s gavimo dienos.  <\/p>\n<p>4.5. Jei Pirk\u0117jas nepateikia tiksli\u0173 duomen\u0173 registracijos formoje, Pardav\u0117jas neatsako u\u017e d\u0117l to atsiradusius padarinius. <\/p>\n<p>4.6. Pardav\u0117jas neatsako u\u017e kituose tinklalapiuose pateikt\u0105 informacij\u0105, net jeigu Pirk\u0117jas patenka \u012f \u0161iuos tinklalapius per Pardav\u0117jo e-parduotuv\u0117je esan\u010dias nuorodas. <\/p>\n<p>4.7. Pardav\u0117jas pateikia prekes Pirk\u0117jui vadovaudamasis preki\u0173 apra\u0161ymuose nurodytais terminais. \u0160ie terminai yra preliminar\u016bs, be to netaikomi tais atvejais, kai Pardav\u0117jo sand\u0117lyje n\u0117ra reikiam\u0173 preki\u0173, o Pirk\u0117jas informuojamas apie jo u\u017esakyt\u0173 preki\u0173 tr\u016bkum\u0105. Kartu Pirk\u0117jas sutinka, jog i\u0161imtinais atvejais preki\u0173 pateikimas gali v\u0117luoti d\u0117l nenumatyt\u0173, nuo Pardav\u0117jo nepriklausan\u010di\u0173 aplinkybi\u0173. Tokiu atveju Pardav\u0117jas \u012fsipareigoja nedelsiant susisiekti su Pirk\u0117ju ir suderinti preki\u0173 pateikimo s\u0105lygas.    <\/p>\n<p>4.8. Visais atvejais Pardav\u0117jas atleid\u017eiamas nuo atsakomyb\u0117s u\u017e preki\u0173 pateikimo termin\u0173 pa\u017eeidim\u0105, jeigu prek\u0117s Pirk\u0117jui n\u0117ra pateikiamos arba pateikiamos ne laiku d\u0117l Pirk\u0117jo kalt\u0117s arba d\u0117l nuo Pirk\u0117jo priklausan\u010di\u0173 aplinkybi\u0173. <\/p>\n<p>4.10. Pardav\u0117jas neatsako u\u017e tai, kad e-parduotuv\u0117je esan\u010dios prek\u0117s savo spalva, forma ar kitais parametrais gali neatitikti realaus preki\u0173 dyd\u017eio, form\u0173 ir spalvos d\u0117l Pirk\u0117jo naudojamo vaizduoklio ypatybi\u0173. <\/p>\n<ol start=\"5\">\n<li><strong>  Buyer&#8217;s rights<\/strong><\/li>\n<\/ol>\n<p>5.1. Pirk\u0117jas turi teis\u0119 pirkti prekes e-parduotuv\u0117je \u0161i\u0173 taisykli\u0173 ir e-parduotuv\u0117s nustatyta tvarka. <\/p>\n<p>5.2. Pirk\u0117jas turi teis\u0119 atsisakyti preki\u0173 pirkimo \u2013 pardavimo sutarties, sudarytos su e-parduotuve, prane\u0161damas apie tai Pardav\u0117jui ra\u0161tu (elektroniniu pa\u0161tu, nurodant pageidaujam\u0105 gr\u0105\u017einti prek\u0119 ir jos u\u017esakymo numer\u012f) ne v\u0117liau kaip per 14 (keturiolika) darbo dien\u0173 nuo daikto pristatymo dienos, i\u0161skyrus atvejus, numatytus teis\u0117s aktuose d\u0117l Daikt\u0173 keitimo ir gr\u0105\u017einimo tvarkos, taip pat jei sutartis sudaryta d\u0117l nekei\u010diam\u0173 ir negr\u0105\u017einam\u0173 daikt\u0173, kuri\u0173 s\u0105ra\u0161as nustatytas Ma\u017emenin\u0117s prekybos taisykl\u0117se. Prek\u0117 negra\u017einama, jeigu buvo sugadinta arba i\u0161 esm\u0117s pasikeit\u0117 jos i\u0161vaizda, taip pat jeigu ji buvo naudojama.  <\/p>\n<p>5.3. Turi teis\u0119 keisti ir\/ar atnaujinti registracijos formoje pateikt\u0105 informacij\u0105. <\/p>\n<p>5.4. Visus prane\u0161imus tarp \u0161ali\u0173 ir klausimus si\u0173sti e-parduotuv\u0117s skyriuje \u201cKontaktai\u201d nurodytu adresu ar elektroninio pa\u0161to adresu. <\/p>\n<ol start=\"6\">\n<li><strong>  Obligations and responsibilities of the Buyer<\/strong><\/li>\n<\/ol>\n<p>6.1. Pirk\u0117jas, naudodamasis e-parduotuve, patvirtina, kad sutinka su \u0161iomis pirkimo \u2013 pardavimo taisykl\u0117mis ir privalo j\u0173 laikytis. <\/p>\n<p>6.2. Pirk\u0117jas privalo sumok\u0117ti u\u017e prekes ir priimti jas \u0161i\u0173 Taisykli\u0173 nustatyta tvarka. <\/p>\n<p>6.3. Pirk\u0117jas neturi teis\u0117s reik\u0161ti Pardav\u0117jui pretenzij\u0173 d\u0117l preki\u0173 pristatymo netinkamam subjektui, jeigu neteisingai nurodytas pristatymo adresas. <\/p>\n<p>6.4. Pirk\u0117jas yra visi\u0161kai atsakingas u\u017e registracijos formoje pateikt\u0173 duomen\u0173 teisingum\u0105. <\/p>\n<p>6.5. Pirk\u0117jas atsako u\u017e veiksmus, ty\u010dia ar nety\u010dia atliktus naudojantis e-parduotuve. <\/p>\n<p>6.7. Preki\u0173 pristatymo Pirk\u0117jui metu Pirk\u0117jas privalo kartu su Pardav\u0117ju arba su asmeniu prisa\u010diusiu siunt\u0105 patikrinti siuntos ir prek\u0117s(-i\u0173) b\u016bkl\u0119 bei pasira\u0161yti s\u0105skait\u0105 fakt\u016br\u0105, va\u017etara\u0161t\u012f ar kit\u0105 siuntos perdavimo \u2013 pri\u0117mimo dokument\u0105. Pirk\u0117jui pasira\u0161ius s\u0105skaitoje fakt\u016broje, va\u017etara\u0161tyje ar kitame siuntos perdavimo \u2013 pri\u0117mimo dokumente, laikoma, kad siunta yra perduota tinkamos b\u016bkl\u0117s, preki\u0173 pa\u017eeidim\u0173, kuri\u0173 atsiradimo pagrindas priskirtinas ne gamykliniam brokui, bei prek\u0117s(-i\u0173) komplektacijos neatitikim\u0173 (toki\u0173, kuriuos galima nustatyti i\u0161orin\u0117s preki\u0173 ap\u017ei\u016bros metu) n\u0117ra. Nusta\u010dius siuntos pakuot\u0117s pa\u017eeidim\u0105, Pirk\u0117jas ar, atsi\u017evelgiant \u012f atvej\u012f, Pirk\u0117jo atstovas turi teis\u0119 siuntos nepriimti. Tokiu atveju kurjeri\u0173 paslaugas teikian\u010dios organizacijos atstovas kartu su Pirk\u0117ju ar, atsi\u017evelgiant \u012f atvej\u012f, Pirk\u0117jo atstovu u\u017epildo special\u0173 siunt\u0173 patikrinimo akt\u0105, kuriame nurodo rastus pa\u017eeidimus. Pirk\u0117jui neatlikus \u0161i\u0173 veiksm\u0173, Pardav\u0117jas yra atleid\u017eiamas nuo atsakomyb\u0117s prie\u0161 Pirk\u0117j\u0105 d\u0117l preki\u0173 pa\u017eeidim\u0173, jeigu toki\u0173 pa\u017eeidim\u0173 atsiradimo pagrindas n\u0117ra gamyklinis brokas bei d\u0117l preki\u0173 komplektacijos neatitikim\u0173, jeigu \u0161iuos neatitikimus galima nustatyti i\u0161orin\u0117s preki\u0173 ap\u017ei\u016bros metu.     <\/p>\n<p>6.8. Pardav\u0117jas atleid\u017eiamas nuo bet kokios atsakomyb\u0117s tais atvejais, kai nuostoliai kyla d\u0117l to, jog Pirk\u0117jas, neatsi\u017evelgdamas \u012f Pardav\u0117jo rekomendacijas ir savo \u012fsipareigojimus, nesusipa\u017eino su \u0161iomis Taisykl\u0117mis, nors tokia galimyb\u0117 jam buvo suteikta. <\/p>\n<ol start=\"7\">\n<li><strong>  Price, payment, delivery and warranty terms.<\/strong><\/li>\n<\/ol>\n<p>7.1. Preki\u0173 kainos e-parduotuv\u0117je ir suformuotame u\u017esakyme nurodomos Eurais su PVM. <\/p>\n<p>7.2. Pirk\u0117jas atsiskaito u\u017e prekes vienu i\u0161 jo pasirinkt\u0173 b\u016bd\u0173: <\/p>\n<p>7.2.1. Apmok\u0117jimas naudojantis elektronine bankininkyste \u2013 tai apmok\u0117jimas, pasinaudojant Pirk\u0117jo naudojama elektronin\u0117s bankininkyst\u0117s sistema. Pinigus Pirk\u0117jas perveda \u012f atitinkamame jo pasirinktame banke esan\u010di\u0105 e-parduotuv\u0117s s\u0105skait\u0105. Atsakomyb\u0117 u\u017e duomen\u0173 saugum\u0105 \u0161iuo atveju tenka atitinkamam bankui, kadangi visos pinigin\u0117s operacijos vyksta banko elektronin\u0117s bankininkyst\u0117s sistemoje.   <\/p>\n<p>7.2.2. Paysera, ApplePay ir GooglePay sistemas. <\/p>\n<p>7.3. Tik gav\u0119s apmok\u0117jim\u0105 u\u017e prekes arba Pirk\u0117jui patvirtinus u\u017esakym\u0105 (taikoma kai pirk\u0117jas pasirenka atsiskaitym\u0105 pristatymo metu), Pardav\u0117jas pradeda formuoti preki\u0173 siuntin\u012f ir pradedamas skai\u010diuoti preki\u0173 pristatymo terminas. <\/p>\n<ol>\n<li><strong>  General provisions<\/strong><\/li>\n<\/ol>\n<p>1.1. \u0160ios preki\u0173 pirkimo \u2013 pardavimo taisykl\u0117s (toliau \u201eTaisykl\u0117s\u201c), yra juridi\u0161kai \u0161alims privalomas dokumentas, kuriame nustatomos Pirk\u0117jo ir Pardav\u0117jo teis\u0117s, pareigos ir atsakomyb\u0117, \u012fsigyjant prekes elektronin\u0117je parduotuv\u0117je www.gretakovkel.com (toliau \u2013 \u201ce-parduotuv\u0117\u201d). <\/p>\n<p>1.2. Pardav\u0117jas pasilieka teis\u0119 bet kuriuo metu pakeisti, taisyti ar papildyti Taisykles, atsi\u017evelgdamas \u012f LR teis\u0117s akt\u0173 nustatytus reikalavimus. <\/p>\n<ol start=\"2\">\n<li><strong>  The moment of conclusion of the sale and purchase agreement<\/strong><\/li>\n<\/ol>\n<p>2.1. Sutartis tarp Pirk\u0117jo ir pardav\u0117jo laikoma sudaryta nuo to momento, kai Pirk\u0117jas e-parduotuv\u0117je suformuoja preki\u0173 krep\u0161el\u012f, nurodo pristatymo adres\u0105, pasirenka apmok\u0117jimo b\u016bd\u0105 ir susipa\u017ein\u0119s su Taisykl\u0117mis, paspaud\u017eia mygtuk\u0105 \u201cPatvirtinti u\u017esakym\u0105\u201d <\/p>\n<ol start=\"3\">\n<li><strong>  Seller&#8217;s rights<\/strong><\/li>\n<\/ol>\n<p>3.1. Susidarius svarbioms aplinkyb\u0117ms, Pardav\u0117jas gali laikinai arba i\u0161 viso nutraukti e-parduotuv\u0117s veikl\u0105, apie tai i\u0161 anksto neprane\u0161\u0119 Pirk\u0117jui. <\/p>\n<p>3.2. Jei Pirk\u0117jas bando pakenkti e-parduotuv\u0117s darbui, stabilumui ir saugumui ar pa\u017eeid\u017eia savo \u012fsipareigojimus, Pardav\u0117jas turi teis\u0119 be persp\u0117jimo apriboti ar sustabdyti jam galimyb\u0119 naudotis e-parduotuve arba i\u0161skirtiniais atvejais panaikinti Pirk\u0117jo registracij\u0105. <\/p>\n<p>3.3. Pardav\u0117jas pasilieka sau teis\u0119 viena\u0161ali\u0161kai pakeisti \u0161i\u0173 taisykli\u0173 s\u0105lygas be i\u0161ankstinio \u012fsp\u0117jimo. <\/p>\n<p>3.4. Pardav\u0117jas turi teis\u0119 i\u0161 anksto neprane\u0161\u0119s Pirk\u0117jui anuliuoti jo u\u017esakym\u0105, jeigu Pirk\u0117jas, nesumoka u\u017e prekes per 5 (penkias) darbo dienas, nebent abi \u0161alys susitaria kitaip. <\/p>\n<p>3.5. Visus prane\u0161imus tarp \u0161ali\u0173 si\u0173sti Pirk\u0117jo registracijos formoje pateiktais elektroninio pa\u0161to adresais. <\/p>\n<ol start=\"4\">\n<li><strong>  Obligations and responsibilities of the Seller<\/strong><\/li>\n<\/ol>\n<p>4.1. Pardav\u0117jas \u012fsipareigoja sudaryti visas s\u0105lygas Pirk\u0117jui tinkamai naudotis e-parduotuv\u0117s teikiamomis paslaugomis. <\/p>\n<p>4.2. Pardav\u0117jas \u012fsipareigoja pristatyti Pirk\u0117jo u\u017esakytas prekes, Pirk\u0117jo nurodytu adresu ir per sutart\u0105 pristatymo laikotarp\u012f. <\/p>\n<p>4.3. Pardav\u0117jas, susidarius svarbioms aplinkyb\u0117ms, negal\u0117damas Pirk\u0117jui pristatyti u\u017esakytos prek\u0117s, \u012fsipareigoja Pirk\u0117jui pasi\u016blyti analogi\u0161k\u0105 prek\u0119, o Pirk\u0117jui atsisakius priimti prek\u0117s analog\u0105, gr\u0105\u017einti sumok\u0117tus pinigus per tris darbo dienas, jei Pirk\u0117jas atliko i\u0161ankstin\u012f apmok\u0117jim\u0105. <\/p>\n<p>4.4. Pirk\u0117jui pasinaudojus Taisykli\u0173 5.2. punkte numatyta teise, Pardav\u0117jas \u012fsipareigoja gr\u0105\u017einti Pirk\u0117jui sumok\u0117tus pinigus per 10 (de\u0161imt) darbo dien\u0173, skai\u010diuojam\u0173 nuo gr\u0105\u017einamos prek\u0117s gavimo dienos.  <\/p>\n<p>4.5. Jei Pirk\u0117jas nepateikia tiksli\u0173 duomen\u0173 registracijos formoje, Pardav\u0117jas neatsako u\u017e d\u0117l to atsiradusius padarinius. <\/p>\n<p>4.6. Pardav\u0117jas neatsako u\u017e kituose tinklalapiuose pateikt\u0105 informacij\u0105, net jeigu Pirk\u0117jas patenka \u012f \u0161iuos tinklalapius per Pardav\u0117jo e-parduotuv\u0117je esan\u010dias nuorodas. <\/p>\n<p>4.7. Pardav\u0117jas pateikia prekes Pirk\u0117jui vadovaudamasis preki\u0173 apra\u0161ymuose nurodytais terminais. \u0160ie terminai yra preliminar\u016bs, be to netaikomi tais atvejais, kai Pardav\u0117jo sand\u0117lyje n\u0117ra reikiam\u0173 preki\u0173, o Pirk\u0117jas informuojamas apie jo u\u017esakyt\u0173 preki\u0173 tr\u016bkum\u0105. Kartu Pirk\u0117jas sutinka, jog i\u0161imtinais atvejais preki\u0173 pateikimas gali v\u0117luoti d\u0117l nenumatyt\u0173, nuo Pardav\u0117jo nepriklausan\u010di\u0173 aplinkybi\u0173. Tokiu atveju Pardav\u0117jas \u012fsipareigoja nedelsiant susisiekti su Pirk\u0117ju ir suderinti preki\u0173 pateikimo s\u0105lygas.    <\/p>\n<p>4.8. Visais atvejais Pardav\u0117jas atleid\u017eiamas nuo atsakomyb\u0117s u\u017e preki\u0173 pateikimo termin\u0173 pa\u017eeidim\u0105, jeigu prek\u0117s Pirk\u0117jui n\u0117ra pateikiamos arba pateikiamos ne laiku d\u0117l Pirk\u0117jo kalt\u0117s arba d\u0117l nuo Pirk\u0117jo priklausan\u010di\u0173 aplinkybi\u0173. <\/p>\n<p>4.10. Pardav\u0117jas neatsako u\u017e tai, kad e-parduotuv\u0117je esan\u010dios prek\u0117s savo spalva, forma ar kitais parametrais gali neatitikti realaus preki\u0173 dyd\u017eio, form\u0173 ir spalvos d\u0117l Pirk\u0117jo naudojamo vaizduoklio ypatybi\u0173. <\/p>\n<ol start=\"5\">\n<li><strong>  Buyer&#8217;s rights<\/strong><\/li>\n<\/ol>\n<p>5.1. Pirk\u0117jas turi teis\u0119 pirkti prekes e-parduotuv\u0117je \u0161i\u0173 taisykli\u0173 ir e-parduotuv\u0117s nustatyta tvarka. <\/p>\n<p>5.2. Pirk\u0117jas turi teis\u0119 atsisakyti preki\u0173 pirkimo \u2013 pardavimo sutarties, sudarytos su e-parduotuve, prane\u0161damas apie tai Pardav\u0117jui ra\u0161tu (elektroniniu pa\u0161tu, nurodant pageidaujam\u0105 gr\u0105\u017einti prek\u0119 ir jos u\u017esakymo numer\u012f) ne v\u0117liau kaip per 14 (keturiolika) darbo dien\u0173 nuo daikto pristatymo dienos, i\u0161skyrus atvejus, numatytus teis\u0117s aktuose d\u0117l Daikt\u0173 keitimo ir gr\u0105\u017einimo tvarkos, taip pat jei sutartis sudaryta d\u0117l nekei\u010diam\u0173 ir negr\u0105\u017einam\u0173 daikt\u0173, kuri\u0173 s\u0105ra\u0161as nustatytas Ma\u017emenin\u0117s prekybos taisykl\u0117se. Prek\u0117 negra\u017einama, jeigu buvo sugadinta arba i\u0161 esm\u0117s pasikeit\u0117 jos i\u0161vaizda, taip pat jeigu ji buvo naudojama.  <\/p>\n<p>5.3. Turi teis\u0119 keisti ir\/ar atnaujinti registracijos formoje pateikt\u0105 informacij\u0105. <\/p>\n<p>5.4. Visus prane\u0161imus tarp \u0161ali\u0173 ir klausimus si\u0173sti e-parduotuv\u0117s skyriuje \u201cKontaktai\u201d nurodytu adresu ar elektroninio pa\u0161to adresu. <\/p>\n<ol start=\"6\">\n<li><strong>  Obligations and responsibilities of the Buyer<\/strong><\/li>\n<\/ol>\n<p>6.1. By using the e-shop, the Buyer confirms that he\/she accepts and is bound by these Terms and Conditions of Sale.<\/p>\n<p>6.2. The Buyer shall pay for and accept the Goods in accordance with these Conditions.<\/p>\n<p>6.3. The Buyer shall not be entitled to complain to the Seller about the delivery of the goods to the wrong entity if the delivery address is incorrect.<\/p>\n<p>6.4. The Buyer is fully responsible for the accuracy of the data provided in the registration form.<\/p>\n<p>6.5. The Buyer shall be liable for any acts committed intentionally or unintentionally while using the e-shop.<\/p>\n<p>6.7. At the time of delivery of the Goods to the Buyer, the Buyer shall inspect the condition of the consignment and the Goods(s) together with the Seller or the person responsible for the delivery and shall sign the invoice, bill of lading or other document of delivery and acceptance. The Buyer&#8217;s signature on the invoice, bill of lading or other document of delivery and acceptance of the consignment shall be deemed to indicate that the consignment has been handed over in good condition and that there are no defects in the goods not attributable to manufacturing defects and that there are no inconsistencies in the assembly of the goods(s) (such as can be detected by an external inspection of the goods). In the event of damage to the packaging of the consignment, the Buyer or the Buyer&#8217;s representative, as the case may be, shall have the right not to accept the consignment. In such a case, a representative of the courier service provider, together with the Buyer or, as the case may be, the Buyer&#8217;s representative, shall complete a special consignment inspection report indicating the irregularities found. If the Buyer fails to do so, the Seller shall be exempt from liability to the Buyer in respect of any damage to the goods, provided that such damage is not due to a manufacturing defect, and in respect of any non-conformity of the goods, provided that such non-conformity can be ascertained by an external inspection of the goods.<\/p>\n<p>6.8. The Seller shall be exempt from any liability where the loss is caused by the Buyer&#8217;s failure to read these Terms and Conditions, despite the Seller&#8217;s advice and obligations, when given the opportunity to do so.<\/p>\n<ol start=\"7\">\n<li><strong>  Price, payment, delivery and warranty terms.<\/strong><\/li>\n<\/ol>\n<p>7.1. The prices of the products in the e-shop and in the order form are quoted in Euros including VAT.<\/p>\n<p>7.2. The buyer pays for the goods by one of the methods of his choice:<\/p>\n<p>7.2.1. Payment by e-banking means prepayment through the Buyer&#8217;s e-banking system. The Buyer shall transfer the money to the e-shop&#8217;s account with the relevant bank of his choice. In this case, the responsibility for data security rests with the bank concerned, as all monetary transactions take place within the bank&#8217;s e-banking system.<\/p>\n<p>7.2.2. Payment by bank transfer is a prepayment where the Buyer, after printing the prepayment invoice &#8211; order and going to the nearest bank branch, transfers the money to the e-shop&#8217;s bank account specified in the prepayment invoice &#8211; order.<\/p>\n<p>7.2.2. PayPal and Paysera.<\/p>\n<p>7.3. Only upon receipt of payment for the Goods or confirmation of the order by the Buyer (applicable when the Buyer opts for payment on delivery), the Seller shall start to form the consignment of the Goods and the delivery period shall begin to run.<\/p>\n<p>7.4. For certain types of goods, the seller offers a guarantee of the quality of the goods for a certain period of time, the specific term and other conditions of which are set out in the descriptions of such goods. In the event that the Seller does not guarantee the quality of the goods for certain types of goods, the warranty provided for in the relevant legislation shall apply.<\/p>\n\t\t\t\t\t\t\t\t<\/div>\n\t\t\t\t\t<\/div>\n\t\t\t\t<\/div>\n\t\t\t\t<\/div>\n\t\t","protected":false},"excerpt":{"rendered":"<p>CONDITIONS OF SERVICE General provisions 1.1. \u0160ios preki\u0173 pirkimo \u2013 pardavimo taisykl\u0117s (toliau \u201eTaisykl\u0117s\u201c), yra juridi\u0161kai \u0161alims privalomas dokumentas, kuriame nustatomos Pirk\u0117jo ir Pardav\u0117jo teis\u0117s, pareigos ir atsakomyb\u0117, \u012fsigyjant prekes elektronin\u0117je parduotuv\u0117je bysense.eu (toliau \u2013 \u201ce-parduotuv\u0117\u201d). 1.2. Pardav\u0117jas pasilieka teis\u0119 bet kuriuo metu pakeisti, taisyti ar papildyti Taisykles, atsi\u017evelgdamas \u012f LR teis\u0117s akt\u0173 nustatytus reikalavimus. [&hellip;]<\/p>\n","protected":false},"author":3,"featured_media":0,"parent":0,"menu_order":0,"comment_status":"closed","ping_status":"closed","template":"","meta":{"site-sidebar-layout":"no-sidebar","site-content-layout":"page-builder","ast-site-content-layout":"full-width-container","site-content-style":"default","site-sidebar-style":"default","ast-global-header-display":"","ast-banner-title-visibility":"","ast-main-header-display":"","ast-hfb-above-header-display":"","ast-hfb-below-header-display":"","ast-hfb-mobile-header-display":"","site-post-title":"disabled","ast-breadcrumbs-content":"","ast-featured-img":"disabled","footer-sml-layout":"","ast-disable-related-posts":"","theme-transparent-header-meta":"","adv-header-id-meta":"","stick-header-meta":"","header-above-stick-meta":"","header-main-stick-meta":"","header-below-stick-meta":"","astra-migrate-meta-layouts":"default","ast-page-background-enabled":"default","ast-page-background-meta":{"desktop":{"background-color":"var(--ast-global-color-5)","background-image":"","background-repeat":"repeat","background-position":"center center","background-size":"auto","background-attachment":"scroll","background-type":"","background-media":"","overlay-type":"","overlay-color":"","overlay-opacity":"","overlay-gradient":""},"tablet":{"background-color":"","background-image":"","background-repeat":"repeat","background-position":"center center","background-size":"auto","background-attachment":"scroll","background-type":"","background-media":"","overlay-type":"","overlay-color":"","overlay-opacity":"","overlay-gradient":""},"mobile":{"background-color":"","background-image":"","background-repeat":"repeat","background-position":"center center","background-size":"auto","background-attachment":"scroll","background-type":"","background-media":"","overlay-type":"","overlay-color":"","overlay-opacity":"","overlay-gradient":""}},"ast-content-background-meta":{"desktop":{"background-color":"var(--ast-global-color-4)","background-image":"","background-repeat":"repeat","background-position":"center center","background-size":"auto","background-attachment":"scroll","background-type":"","background-media":"","overlay-type":"","overlay-color":"","overlay-opacity":"","overlay-gradient":""},"tablet":{"background-color":"var(--ast-global-color-4)","background-image":"","background-repeat":"repeat","background-position":"center center","background-size":"auto","background-attachment":"scroll","background-type":"","background-media":"","overlay-type":"","overlay-color":"","overlay-opacity":"","overlay-gradient":""},"mobile":{"background-color":"var(--ast-global-color-4)","background-image":"","background-repeat":"repeat","background-position":"center center","background-size":"auto","background-attachment":"scroll","background-type":"","background-media":"","overlay-type":"","overlay-color":"","overlay-opacity":"","overlay-gradient":""}},"footnotes":""},"class_list":["post-4550","page","type-page","status-publish","hentry"],"_links":{"self":[{"href":"https:\/\/bysense.eu\/en\/wp-json\/wp\/v2\/pages\/4550","targetHints":{"allow":["GET"]}}],"collection":[{"href":"https:\/\/bysense.eu\/en\/wp-json\/wp\/v2\/pages"}],"about":[{"href":"https:\/\/bysense.eu\/en\/wp-json\/wp\/v2\/types\/page"}],"author":[{"embeddable":true,"href":"https:\/\/bysense.eu\/en\/wp-json\/wp\/v2\/users\/3"}],"replies":[{"embeddable":true,"href":"https:\/\/bysense.eu\/en\/wp-json\/wp\/v2\/comments?post=4550"}],"version-history":[{"count":1,"href":"https:\/\/bysense.eu\/en\/wp-json\/wp\/v2\/pages\/4550\/revisions"}],"predecessor-version":[{"id":4551,"href":"https:\/\/bysense.eu\/en\/wp-json\/wp\/v2\/pages\/4550\/revisions\/4551"}],"wp:attachment":[{"href":"https:\/\/bysense.eu\/en\/wp-json\/wp\/v2\/media?parent=4550"}],"curies":[{"name":"wp","href":"https:\/\/api.w.org\/{rel}","templated":true}]}}